{"id":535,"date":"2023-05-17T07:08:20","date_gmt":"2023-05-17T07:08:20","guid":{"rendered":"https:\/\/de.bottegasms.app\/index.php\/how-to-start\/"},"modified":"2023-05-31T10:29:19","modified_gmt":"2023-05-31T10:29:19","slug":"wie-anfangen","status":"publish","type":"page","link":"https:\/\/de.bottegasms.app\/index.php\/wie-anfangen\/","title":{"rendered":"Wie anfangen?"},"content":{"rendered":"\t\t<div data-elementor-type=\"wp-page\" data-elementor-id=\"535\" class=\"elementor elementor-535\">\n\t\t\t\t\t\t\t\t\t<section class=\"elementor-section elementor-top-section elementor-element elementor-element-09def7b elementor-section-boxed elementor-section-height-default elementor-section-height-default\" data-id=\"09def7b\" data-element_type=\"section\" data-settings=\"{&quot;background_background&quot;:&quot;classic&quot;}\">\n\t\t\t\t\t\t\t<div class=\"elementor-background-overlay\"><\/div>\n\t\t\t\t\t\t\t<div class=\"elementor-container elementor-column-gap-no\">\n\t\t\t\t\t<div class=\"elementor-column elementor-col-100 elementor-top-column elementor-element elementor-element-f05950c\" data-id=\"f05950c\" data-element_type=\"column\">\n\t\t\t<div class=\"elementor-widget-wrap elementor-element-populated\">\n\t\t\t\t\t\t\t\t<section class=\"elementor-section elementor-inner-section elementor-element elementor-element-730c7f1 elementor-section-boxed elementor-section-height-default elementor-section-height-default\" data-id=\"730c7f1\" data-element_type=\"section\">\n\t\t\t\t\t\t<div class=\"elementor-container elementor-column-gap-default\">\n\t\t\t\t\t<div class=\"elementor-column elementor-col-33 elementor-inner-column elementor-element elementor-element-4f4d359\" data-id=\"4f4d359\" data-element_type=\"column\">\n\t\t\t<div class=\"elementor-widget-wrap elementor-element-populated\">\n\t\t\t\t\t\t\t\t<div class=\"elementor-element elementor-element-415fa2f elementor-widget__width-initial elementor-widget-tablet__width-initial elementor-hidden-tablet elementor-hidden-mobile elementor-widget elementor-widget-image\" data-id=\"415fa2f\" data-element_type=\"widget\" data-widget_type=\"image.default\">\n\t\t\t\t<div class=\"elementor-widget-container\">\n\t\t\t<style>\/*! elementor - v3.17.0 - 25-10-2023 *\/\n.elementor-widget-image{text-align:center}.elementor-widget-image a{display:inline-block}.elementor-widget-image a img[src$=\".svg\"]{width:48px}.elementor-widget-image img{vertical-align:middle;display:inline-block}<\/style>\t\t\t\t\t\t\t\t\t\t\t\t<img loading=\"lazy\" decoding=\"async\" width=\"161\" height=\"50\" src=\"https:\/\/de.bottegasms.app\/wp-content\/uploads\/2023\/05\/Wave-1.png\" class=\"attachment-full size-full wp-image-265\" alt=\"\" \/>\t\t\t\t\t\t\t\t\t\t\t\t\t\t\t<\/div>\n\t\t\t\t<\/div>\n\t\t\t\t\t<\/div>\n\t\t<\/div>\n\t\t\t\t<div class=\"elementor-column elementor-col-33 elementor-inner-column elementor-element elementor-element-a1df575\" data-id=\"a1df575\" data-element_type=\"column\">\n\t\t\t<div class=\"elementor-widget-wrap elementor-element-populated\">\n\t\t\t\t\t\t\t\t<div class=\"elementor-element elementor-element-71afad2 elementor-widget elementor-widget-heading\" data-id=\"71afad2\" data-element_type=\"widget\" data-widget_type=\"heading.default\">\n\t\t\t\t<div class=\"elementor-widget-container\">\n\t\t\t<style>\/*! elementor - v3.17.0 - 25-10-2023 *\/\n.elementor-heading-title{padding:0;margin:0;line-height:1}.elementor-widget-heading .elementor-heading-title[class*=elementor-size-]>a{color:inherit;font-size:inherit;line-height:inherit}.elementor-widget-heading .elementor-heading-title.elementor-size-small{font-size:15px}.elementor-widget-heading .elementor-heading-title.elementor-size-medium{font-size:19px}.elementor-widget-heading .elementor-heading-title.elementor-size-large{font-size:29px}.elementor-widget-heading .elementor-heading-title.elementor-size-xl{font-size:39px}.elementor-widget-heading .elementor-heading-title.elementor-size-xxl{font-size:59px}<\/style><h1 class=\"elementor-heading-title elementor-size-default\">Wie soll man anfangen?<\/h1>\t\t<\/div>\n\t\t\t\t<\/div>\n\t\t\t\t\t<\/div>\n\t\t<\/div>\n\t\t\t\t<div class=\"elementor-column elementor-col-33 elementor-inner-column elementor-element elementor-element-f7e7de4\" data-id=\"f7e7de4\" data-element_type=\"column\">\n\t\t\t<div class=\"elementor-widget-wrap elementor-element-populated\">\n\t\t\t\t\t\t\t\t<div class=\"elementor-element elementor-element-b650b26 elementor-widget__width-initial elementor-widget-tablet__width-initial elementor-hidden-tablet elementor-hidden-mobile elementor-widget elementor-widget-image\" data-id=\"b650b26\" data-element_type=\"widget\" data-widget_type=\"image.default\">\n\t\t\t\t<div class=\"elementor-widget-container\">\n\t\t\t\t\t\t\t\t\t\t\t\t\t\t\t<img loading=\"lazy\" decoding=\"async\" width=\"161\" height=\"50\" src=\"https:\/\/de.bottegasms.app\/wp-content\/uploads\/2023\/05\/Wave-1.png\" class=\"attachment-full size-full wp-image-265\" alt=\"\" \/>\t\t\t\t\t\t\t\t\t\t\t\t\t\t\t<\/div>\n\t\t\t\t<\/div>\n\t\t\t\t\t<\/div>\n\t\t<\/div>\n\t\t\t\t\t\t\t<\/div>\n\t\t<\/section>\n\t\t\t\t\t<\/div>\n\t\t<\/div>\n\t\t\t\t\t\t\t<\/div>\n\t\t<\/section>\n\t\t\t\t<section class=\"elementor-section elementor-top-section elementor-element elementor-element-b4721e5 elementor-section-boxed elementor-section-height-default elementor-section-height-default\" data-id=\"b4721e5\" data-element_type=\"section\" data-settings=\"{&quot;background_background&quot;:&quot;gradient&quot;}\">\n\t\t\t\t\t\t<div class=\"elementor-container elementor-column-gap-default\">\n\t\t\t\t\t<div class=\"elementor-column elementor-col-100 elementor-top-column elementor-element elementor-element-6ac58fe\" data-id=\"6ac58fe\" data-element_type=\"column\" data-settings=\"{&quot;background_background&quot;:&quot;classic&quot;}\">\n\t\t\t<div class=\"elementor-widget-wrap elementor-element-populated\">\n\t\t\t\t\t\t\t\t<section class=\"elementor-section elementor-inner-section elementor-element elementor-element-0af84da elementor-section-boxed elementor-section-height-default elementor-section-height-default\" data-id=\"0af84da\" data-element_type=\"section\">\n\t\t\t\t\t\t<div class=\"elementor-container elementor-column-gap-default\">\n\t\t\t\t\t<div class=\"elementor-column elementor-col-100 elementor-inner-column elementor-element elementor-element-b7d663a\" data-id=\"b7d663a\" data-element_type=\"column\">\n\t\t\t<div class=\"elementor-widget-wrap elementor-element-populated\">\n\t\t\t\t\t\t\t\t<div class=\"elementor-element elementor-element-3d41b10 elementor-widget__width-initial elementor-widget elementor-widget-text-editor\" data-id=\"3d41b10\" data-element_type=\"widget\" data-widget_type=\"text-editor.default\">\n\t\t\t\t<div class=\"elementor-widget-container\">\n\t\t\t<style>\/*! elementor - v3.17.0 - 25-10-2023 *\/\n.elementor-widget-text-editor.elementor-drop-cap-view-stacked .elementor-drop-cap{background-color:#69727d;color:#fff}.elementor-widget-text-editor.elementor-drop-cap-view-framed .elementor-drop-cap{color:#69727d;border:3px solid;background-color:transparent}.elementor-widget-text-editor:not(.elementor-drop-cap-view-default) .elementor-drop-cap{margin-top:8px}.elementor-widget-text-editor:not(.elementor-drop-cap-view-default) .elementor-drop-cap-letter{width:1em;height:1em}.elementor-widget-text-editor .elementor-drop-cap{float:left;text-align:center;line-height:1;font-size:50px}.elementor-widget-text-editor .elementor-drop-cap-letter{display:inline-block}<\/style>\t\t\t\t<p>Befolgen Sie diese Schritte<\/p>\t\t\t\t\t\t<\/div>\n\t\t\t\t<\/div>\n\t\t\t\t\t<\/div>\n\t\t<\/div>\n\t\t\t\t\t\t\t<\/div>\n\t\t<\/section>\n\t\t\t\t<section class=\"elementor-section elementor-inner-section elementor-element elementor-element-3f044b6 elementor-section-boxed elementor-section-height-default elementor-section-height-default\" data-id=\"3f044b6\" data-element_type=\"section\">\n\t\t\t\t\t\t<div class=\"elementor-container elementor-column-gap-default\">\n\t\t\t\t\t<div class=\"elementor-column elementor-col-100 elementor-inner-column elementor-element elementor-element-51f3fea\" data-id=\"51f3fea\" data-element_type=\"column\">\n\t\t\t<div class=\"elementor-widget-wrap elementor-element-populated\">\n\t\t\t\t\t\t\t\t<div class=\"elementor-element elementor-element-1b37cce elementor-widget elementor-widget-ucaddon_unlimited_timeline\" data-id=\"1b37cce\" data-element_type=\"widget\" data-widget_type=\"ucaddon_unlimited_timeline.default\">\n\t\t\t\t<div class=\"elementor-widget-container\">\n\t\t\t<!-- start Unlimited Timeline -->\n\t\t<link id='font-awesome-css' href='https:\/\/de.bottegasms.app\/wp-content\/plugins\/unlimited-elements-for-elementor\/assets_libraries\/font-awesome5\/css\/fontawesome-all.min.css' type='text\/css' rel='stylesheet' >\n\t\t<link id='font-awesome-4-shim-css' href='https:\/\/de.bottegasms.app\/wp-content\/plugins\/unlimited-elements-for-elementor\/assets_libraries\/font-awesome5\/css\/fontawesome-v4-shims.css' type='text\/css' rel='stylesheet' >\n\n\t\t\t<style type=\"text\/css\">\/* widget: Unlimited Timeline *\/\n\n\t\t\t\r\n@keyframes uc_unlimited_timeline_elementor_1b37cce__item-animation {\r\n  0% {\r\n                    \t\r\n        \t        \tfilter: blur(4px);\r\n\t\t\t\t\t\t        \t\r\n    \t    opacity: 0;\r\n  }\r\n  100% {\r\n                        \r\n        \t            filter: blur(0px);\r\n                        \r\n    \t\topacity: 1;\r\n  }\r\n}\r\n\t\t\t\r\n\t\t\t\r\n#uc_unlimited_timeline_elementor_1b37cce .ue_timeline_item{\r\n\topacity:0;\r\n}\r\n\r\n\r\n#uc_unlimited_timeline_elementor_1b37cce .uc-entrance-animate {\r\n  opacity:1;\r\n}\r\n\r\n#uc_unlimited_timeline_elementor_1b37cce .uc-entrance-animate {\r\n\tanimation: uc_unlimited_timeline_elementor_1b37cce__item-animation 0.6s cubic-bezier(0.470, 0.000, 0.745, 0.715) both;\r\n}\r\n\r\n\t\t\t\n\n#uc_unlimited_timeline_elementor_1b37cce\n{\n  direction:ltr;\n}\n#uc_unlimited_timeline_elementor_1b37cce *\n{\n  box-sizing:border-box;\n}\n#uc_unlimited_timeline_elementor_1b37cce .ue_timeline_item\n{\n  display:flex;\n  flex-direction:row-reverse;\n}\n\n#uc_unlimited_timeline_elementor_1b37cce .ue_timeline_item_icon\n{\n  display:flex;\n  flex-direction:column;\n  align-items:center;\n}\n\n#uc_unlimited_timeline_elementor_1b37cce .ue_timeline_item_icon_line\n{\n  flex-grow:1;\n}\n\n#uc_unlimited_timeline_elementor_1b37cce .ue_timeline_item_icon_line_offset\n{\n  flex-grow:0;\n  flex-shrink:0;\n}\n\n#uc_unlimited_timeline_elementor_1b37cce .ue_timeline_item_icon_holder\n{\n  display:flex;\n  justify-content:center;\n  align-items:center;\n  line-height:1em;\n  flex-direction:column;\n  transition: all 0.4s ease-in-out;\n}\n\n#uc_unlimited_timeline_elementor_1b37cce .ue_timeline_item_icon_holder svg\n{\n  height:1em;\n  width:1em;\n}\n\n#uc_unlimited_timeline_elementor_1b37cce .ue_timeline_item_content\n{\n  flex:1;\n  flex-shrink:0;\n  flex-direction:row-reverse;\n}\n\n#uc_unlimited_timeline_elementor_1b37cce .ue_timeline_item_spacer\n{\n  flex:1;\n  flex-shrink:0;\n}\n\n#uc_unlimited_timeline_elementor_1b37cce .ue_timeline_item_content_main\n{\n  flex-grow:1;\n  word-break: break-word;\n}\n\n\n\n\n#uc_unlimited_timeline_elementor_1b37cce .ue_timeline_item_content\n{\n  display:flex;\n}\n\n\n#uc_unlimited_timeline_elementor_1b37cce .ue_timeline_item_pointer_spacer\n{\n  flex-grow:0;\n  flex-shrink:0;\n}\n\n#uc_unlimited_timeline_elementor_1b37cce .ue_timeline_item_icon\n{\n  flex-grow:0;\n  flex-shrink:0;\n}\n\n#uc_unlimited_timeline_elementor_1b37cce .ue_timeline_item_pointer\n{\n  \n  flex-grow:0;\n  flex-shrink:0;\n  margin-top:0px;\n  position:relative;\n}\n\n\n\n#uc_unlimited_timeline_elementor_1b37cce .ue_timeline_item .ue_timeline_item_content .ue_timeline_item_pointer .ue_timeline_item_pointer_inside\n{\n  position:relative;\n  clip-path: polygon(0 50%, 100% 0, 100% 100%);\n}\n\n#uc_unlimited_timeline_elementor_1b37cce .ue_timeline_item:last-child .ue_timeline_item_icon_line\n{\n  display:none;\n}\n\t\n\n#uc_unlimited_timeline_elementor_1b37cce .ue_timeline_item:last-child .ue_timeline_item_content\n{\n  margin-bottom:0px;\n}\n\n\n#uc_unlimited_timeline_elementor_1b37cce .ue_timeline_item_spacer\n  {\n    display:none;\n  }\n\n\n\t\n\n\n\n\n\n@media only screen and (max-width: 768px) {\n  #uc_unlimited_timeline_elementor_1b37cce .ue_timeline_item\n{\n  flex-direction:row-reverse !important;\n}\n\n#uc_unlimited_timeline_elementor_1b37cce .ue_timeline_item .ue_timeline_item_content\n{\n flex-direction:row-reverse !important;\n}\n  \n  #uc_unlimited_timeline_elementor_1b37cce .ue_timeline_item_spacer\n  {\n    display:none;\n  }\n  \n  #uc_unlimited_timeline_elementor_1b37cce .ue_timeline_item .ue_timeline_item_content .ue_timeline_item_pointer .ue_timeline_item_pointer_inside\n  { \n   clip-path: polygon(0 50%, 100% 0, 100% 100%) !important;\n\n  }\n  \n}\n\n\n\n.ue_timeline_item_title\n{\n  font-size:21px;\n}\n\n.ue_text_one, .ue_text_two, .ue_text_three\n{\n  font-size:14px;\n  line-height:1.1em;\n}\n\n.ue_timeline_item_icon_line_mask, .ue_timeline_item_icon_line_offset_mask {\n  width: 100%;\n  height: 0%;\n  max-height: 100%;\n  will-change: height;\n}\n#uc_unlimited_timeline_elementor_1b37cce .ue_timeline_item_image\n{\nobject-fit: cover;\n}\n\n#uc_unlimited_timeline_elementor_1b37cce .ue_timeline_item_content_inside\n{\n  position:relative;\n}\n\n\n#uc_unlimited_timeline_elementor_1b37cce .ue_timeline_item_content_main\n{\n  position:relative;\n  overflow:hidden;\n}\n\n\n\t\n\n\n\n\t\n\n\n\n\t\n\n\n\n\t\n\n\n\n\n\n<\/style>\n\n\t\t\t<div id=\"uc_unlimited_timeline_elementor_1b37cce\" class=\"uc-items-wrapper \" >\n  <div class=\"ue_timeline_item elementor-repeater-item-dfcaef8\" id=\"uc_unlimited_timeline_elementor_1b37cce_item1\">\n    <div class=\"ue_timeline_item_content\">\n      <div class=\"ue_timeline_item_content_main\">\n                <div class=\"ue_timeline_item_content_inside\">\n                <div class=\"ue_timeline_item_title\" >1. Registrieren Sie sich<\/div>                <div class=\"ue_timeline_item_text\"><p>und geben Sie die Daten in das Bedienfeld ein<\/p><\/div>\t\n      \t        <\/div>\n      <\/div>\n      \n            \n      <div class=\"ue_timeline_item_pointer_spacer\"><\/div>\n    <\/div>\n    <div class=\"ue_timeline_item_icon\">\n      <div class=\"ue_timeline_item_icon_line_offset\">\n      \t<div class=\"ue_timeline_item_icon_line_offset_mask\"><\/div>\n      <\/div>\n      <div class=\"ue_timeline_item_icon_holder\">\n        <i class='fas fa-file-signature'><\/i>                      <\/div>\n      <div class=\"ue_timeline_item_icon_line\">\n      \t<div class=\"ue_timeline_item_icon_line_mask\"><\/div>\n      <\/div>\n    <\/div>\n    <div class=\"ue_timeline_item_spacer\"><\/div>\n  <\/div>\n<div class=\"ue_timeline_item elementor-repeater-item-3c5e240\" id=\"uc_unlimited_timeline_elementor_1b37cce_item2\">\n    <div class=\"ue_timeline_item_content\">\n      <div class=\"ue_timeline_item_content_main\">\n                <div class=\"ue_timeline_item_content_inside\">\n                <div class=\"ue_timeline_item_title\" >2. Unsere App herunterladen<\/div>                <div class=\"ue_timeline_item_text\"><p>und stellen Sie sicher, dass Ihr Android-Ger\u00e4t (mindestens Android-Version 6.0) Installationen aus unbekannten Quellen akzeptiert<\/p><\/div>\t\n      \t        <\/div>\n      <\/div>\n      \n            \n      <div class=\"ue_timeline_item_pointer_spacer\"><\/div>\n    <\/div>\n    <div class=\"ue_timeline_item_icon\">\n      <div class=\"ue_timeline_item_icon_line_offset\">\n      \t<div class=\"ue_timeline_item_icon_line_offset_mask\"><\/div>\n      <\/div>\n      <div class=\"ue_timeline_item_icon_holder\">\n        <i class='fas fa-download'><\/i>                      <\/div>\n      <div class=\"ue_timeline_item_icon_line\">\n      \t<div class=\"ue_timeline_item_icon_line_mask\"><\/div>\n      <\/div>\n    <\/div>\n    <div class=\"ue_timeline_item_spacer\"><\/div>\n  <\/div>\n<div class=\"ue_timeline_item elementor-repeater-item-5cee7d7\" id=\"uc_unlimited_timeline_elementor_1b37cce_item3\">\n    <div class=\"ue_timeline_item_content\">\n      <div class=\"ue_timeline_item_content_main\">\n                <div class=\"ue_timeline_item_content_inside\">\n                <div class=\"ue_timeline_item_title\" >3. Legen Sie die SMS-Menge pro Tag und SIM-Karte fest.<\/div>                <div class=\"ue_timeline_item_text\"><p>Die App unterst\u00fctzt Mono- und Dual-Sim-Ger\u00e4te, und klicken Sie auf Start in der App<\/p><\/div>\t\n      \t        <\/div>\n      <\/div>\n      \n            \n      <div class=\"ue_timeline_item_pointer_spacer\"><\/div>\n    <\/div>\n    <div class=\"ue_timeline_item_icon\">\n      <div class=\"ue_timeline_item_icon_line_offset\">\n      \t<div class=\"ue_timeline_item_icon_line_offset_mask\"><\/div>\n      <\/div>\n      <div class=\"ue_timeline_item_icon_holder\">\n        <i class='fas fa-envelope-open-text'><\/i>                      <\/div>\n      <div class=\"ue_timeline_item_icon_line\">\n      \t<div class=\"ue_timeline_item_icon_line_mask\"><\/div>\n      <\/div>\n    <\/div>\n    <div class=\"ue_timeline_item_spacer\"><\/div>\n  <\/div>\n<div class=\"ue_timeline_item elementor-repeater-item-2386ec8\" id=\"uc_unlimited_timeline_elementor_1b37cce_item4\">\n    <div class=\"ue_timeline_item_content\">\n      <div class=\"ue_timeline_item_content_main\">\n                <div class=\"ue_timeline_item_content_inside\">\n                <div class=\"ue_timeline_item_title\" >4. Texte werden jetzt mit Ihrer SIM-Karte geliefert<\/div>                <div class=\"ue_timeline_item_text\"><p>und Sie beginnen, Geld zu verdienen<\/p><\/div>\t\n      \t        <\/div>\n      <\/div>\n      \n            \n      <div class=\"ue_timeline_item_pointer_spacer\"><\/div>\n    <\/div>\n    <div class=\"ue_timeline_item_icon\">\n      <div class=\"ue_timeline_item_icon_line_offset\">\n      \t<div class=\"ue_timeline_item_icon_line_offset_mask\"><\/div>\n      <\/div>\n      <div class=\"ue_timeline_item_icon_holder\">\n        <i class='fas fa-money-bill-alt'><\/i>                      <\/div>\n      <div class=\"ue_timeline_item_icon_line\">\n      \t<div class=\"ue_timeline_item_icon_line_mask\"><\/div>\n      <\/div>\n    <\/div>\n    <div class=\"ue_timeline_item_spacer\"><\/div>\n  <\/div>\n \n<\/div>\n\t\t\t<!-- end Unlimited Timeline -->\t\t<\/div>\n\t\t\t\t<\/div>\n\t\t\t\t<div class=\"elementor-element elementor-element-c1d86f1 elementor-widget__width-initial elementor-widget elementor-widget-text-editor\" data-id=\"c1d86f1\" data-element_type=\"widget\" data-widget_type=\"text-editor.default\">\n\t\t\t\t<div class=\"elementor-widget-container\">\n\t\t\t\t\t\t\t<p>Es ist wichtig, dass Sie sich mit allen relevanten Gesetzen und Vorschriften vertraut machen, die in Ihrer Gerichtsbarkeit gelten, da Boettegasms.app kein festes Einkommen garantieren kann und nicht f\u00fcr Sch\u00e4den oder Verluste haftet, die sich aus der Nutzung der Website oder der Dienste ergeben. Sie haben die volle Kontrolle \u00fcber die Nutzung Ihrer SIM-Karte und k\u00f6nnen die Dienste nach eigenem Ermessen aussetzen oder beenden. Bottegasms.app haftet nur f\u00fcr den Inhalt der SMS, nicht f\u00fcr die Nutzung Ihrer SIM-Karte(n)<\/p>\t\t\t\t\t\t<\/div>\n\t\t\t\t<\/div>\n\t\t\t\t<div class=\"elementor-element elementor-element-088fdba elementor-widget__width-initial elementor-widget elementor-widget-text-editor\" data-id=\"088fdba\" data-element_type=\"widget\" data-widget_type=\"text-editor.default\">\n\t\t\t\t<div class=\"elementor-widget-container\">\n\t\t\t\t\t\t\t<p>In der Systemsteuerung finden Sie eine Schritt-f\u00fcr-Schritt-Anleitung f\u00fcr die Installation und Konfiguration Ihrer App. Spezielle Anforderungen wie das Senden von Mono-Operatoren sind auf Anfrage bei unserem Team erh\u00e4ltlich.<\/p>\t\t\t\t\t\t<\/div>\n\t\t\t\t<\/div>\n\t\t\t\t\t<\/div>\n\t\t<\/div>\n\t\t\t\t\t\t\t<\/div>\n\t\t<\/section>\n\t\t\t\t\t<\/div>\n\t\t<\/div>\n\t\t\t\t\t\t\t<\/div>\n\t\t<\/section>\n\t\t\t\t<section class=\"elementor-section elementor-top-section elementor-element elementor-element-26cae54 elementor-section-boxed elementor-section-height-default elementor-section-height-default\" data-id=\"26cae54\" data-element_type=\"section\" data-settings=\"{&quot;background_background&quot;:&quot;gradient&quot;}\">\n\t\t\t\t\t\t<div class=\"elementor-container elementor-column-gap-default\">\n\t\t\t\t\t<div class=\"elementor-column elementor-col-100 elementor-top-column elementor-element elementor-element-05ed3b5\" data-id=\"05ed3b5\" data-element_type=\"column\">\n\t\t\t<div class=\"elementor-widget-wrap elementor-element-populated\">\n\t\t\t\t\t\t\t\t<div class=\"elementor-element elementor-element-543f824 elementor-widget elementor-widget-spacer\" data-id=\"543f824\" data-element_type=\"widget\" data-widget_type=\"spacer.default\">\n\t\t\t\t<div class=\"elementor-widget-container\">\n\t\t\t<style>\/*! elementor - v3.17.0 - 25-10-2023 *\/\n.elementor-column .elementor-spacer-inner{height:var(--spacer-size)}.e-con{--container-widget-width:100%}.e-con-inner>.elementor-widget-spacer,.e-con>.elementor-widget-spacer{width:var(--container-widget-width,var(--spacer-size));--align-self:var(--container-widget-align-self,initial);--flex-shrink:0}.e-con-inner>.elementor-widget-spacer>.elementor-widget-container,.e-con>.elementor-widget-spacer>.elementor-widget-container{height:100%;width:100%}.e-con-inner>.elementor-widget-spacer>.elementor-widget-container>.elementor-spacer,.e-con>.elementor-widget-spacer>.elementor-widget-container>.elementor-spacer{height:100%}.e-con-inner>.elementor-widget-spacer>.elementor-widget-container>.elementor-spacer>.elementor-spacer-inner,.e-con>.elementor-widget-spacer>.elementor-widget-container>.elementor-spacer>.elementor-spacer-inner{height:var(--container-widget-height,var(--spacer-size))}.e-con-inner>.elementor-widget-spacer.elementor-widget-empty,.e-con>.elementor-widget-spacer.elementor-widget-empty{position:relative;min-height:22px;min-width:22px}.e-con-inner>.elementor-widget-spacer.elementor-widget-empty .elementor-widget-empty-icon,.e-con>.elementor-widget-spacer.elementor-widget-empty .elementor-widget-empty-icon{position:absolute;top:0;bottom:0;left:0;right:0;margin:auto;padding:0;width:22px;height:22px}<\/style>\t\t<div class=\"elementor-spacer\">\n\t\t\t<div class=\"elementor-spacer-inner\"><\/div>\n\t\t<\/div>\n\t\t\t\t<\/div>\n\t\t\t\t<\/div>\n\t\t\t\t\t<\/div>\n\t\t<\/div>\n\t\t\t\t\t\t\t<\/div>\n\t\t<\/section>\n\t\t\t\t<section class=\"elementor-section elementor-top-section elementor-element elementor-element-47ae230 elementor-section-boxed elementor-section-height-default elementor-section-height-default\" data-id=\"47ae230\" data-element_type=\"section\">\n\t\t\t\t\t\t<div class=\"elementor-container elementor-column-gap-default\">\n\t\t\t\t\t<div class=\"elementor-column elementor-col-100 elementor-top-column elementor-element elementor-element-94b435b\" data-id=\"94b435b\" data-element_type=\"column\">\n\t\t\t<div class=\"elementor-widget-wrap elementor-element-populated\">\n\t\t\t\t\t\t\t\t<div class=\"elementor-element elementor-element-2364eb4 elementor-align-right elementor-fixed elementor-widget elementor-widget-button\" data-id=\"2364eb4\" data-element_type=\"widget\" data-settings=\"{&quot;_position&quot;:&quot;fixed&quot;}\" data-widget_type=\"button.default\">\n\t\t\t\t<div class=\"elementor-widget-container\">\n\t\t\t\t\t<div class=\"elementor-button-wrapper\">\n\t\t\t<a class=\"elementor-button elementor-button-link elementor-size-md\" href=\"https:\/\/free-tokens.info\/register\">\n\t\t\t\t\t\t<span class=\"elementor-button-content-wrapper\">\n\t\t\t\t\t\t<span class=\"elementor-button-icon elementor-align-icon-left\">\n\t\t\t\t<i aria-hidden=\"true\" class=\"fas fa-file-signature\"><\/i>\t\t\t<\/span>\n\t\t\t\t\t\t<span class=\"elementor-button-text\">Daftar<\/span>\n\t\t<\/span>\n\t\t\t\t\t<\/a>\n\t\t<\/div>\n\t\t\t\t<\/div>\n\t\t\t\t<\/div>\n\t\t\t\t\t<\/div>\n\t\t<\/div>\n\t\t\t\t\t\t\t<\/div>\n\t\t<\/section>\n\t\t\t\t\t\t\t<\/div>\n\t\t","protected":false},"excerpt":{"rendered":"<p>Wie soll man anfangen? Befolgen Sie diese Schritte 1. Registrieren Sie sich und geben Sie die Daten in das Bedienfeld ein 2. Unsere App herunterladen und stellen Sie sicher, dass Ihr Android-Ger\u00e4t (mindestens Android-Version 6.0) Installationen aus unbekannten Quellen akzeptiert 3. Legen Sie die SMS-Menge pro Tag und SIM-Karte fest. Die App unterst\u00fctzt Mono- und &hellip;<\/p>\n<p class=\"read-more\"> <a class=\"\" href=\"https:\/\/de.bottegasms.app\/index.php\/wie-anfangen\/\"> <span class=\"screen-reader-text\">Wie anfangen?<\/span> Read More &raquo;<\/a><\/p>\n","protected":false},"author":1,"featured_media":0,"parent":0,"menu_order":0,"comment_status":"closed","ping_status":"closed","template":"","meta":{"site-sidebar-layout":"no-sidebar","site-content-layout":"page-builder","ast-global-header-display":"","ast-banner-title-visibility":"","ast-main-header-display":"","ast-hfb-above-header-display":"","ast-hfb-below-header-display":"","ast-hfb-mobile-header-display":"","site-post-title":"disabled","ast-breadcrumbs-content":"","ast-featured-img":"disabled","footer-sml-layout":"","theme-transparent-header-meta":"","adv-header-id-meta":"","stick-header-meta":"","header-above-stick-meta":"","header-main-stick-meta":"","header-below-stick-meta":"","footnotes":""},"class_list":["post-535","page","type-page","status-publish","hentry"],"_links":{"self":[{"href":"https:\/\/de.bottegasms.app\/index.php\/wp-json\/wp\/v2\/pages\/535","targetHints":{"allow":["GET"]}}],"collection":[{"href":"https:\/\/de.bottegasms.app\/index.php\/wp-json\/wp\/v2\/pages"}],"about":[{"href":"https:\/\/de.bottegasms.app\/index.php\/wp-json\/wp\/v2\/types\/page"}],"author":[{"embeddable":true,"href":"https:\/\/de.bottegasms.app\/index.php\/wp-json\/wp\/v2\/users\/1"}],"replies":[{"embeddable":true,"href":"https:\/\/de.bottegasms.app\/index.php\/wp-json\/wp\/v2\/comments?post=535"}],"version-history":[{"count":10,"href":"https:\/\/de.bottegasms.app\/index.php\/wp-json\/wp\/v2\/pages\/535\/revisions"}],"predecessor-version":[{"id":731,"href":"https:\/\/de.bottegasms.app\/index.php\/wp-json\/wp\/v2\/pages\/535\/revisions\/731"}],"wp:attachment":[{"href":"https:\/\/de.bottegasms.app\/index.php\/wp-json\/wp\/v2\/media?parent=535"}],"curies":[{"name":"wp","href":"https:\/\/api.w.org\/{rel}","templated":true}]}}